{"id":514,"date":"2023-07-25T21:21:01","date_gmt":"2023-07-25T21:21:01","guid":{"rendered":"https:\/\/des-nudo.es\/?page_id=514"},"modified":"2023-07-25T21:23:45","modified_gmt":"2023-07-25T21:23:45","slug":"politica-de-privacidad","status":"publish","type":"page","link":"https:\/\/des-nudo.es\/es\/politica-de-privacidad\/","title":{"rendered":"Pol\u00edtica de Privacidad"},"content":{"rendered":"<div data-elementor-type=\"wp-page\" data-elementor-id=\"514\" class=\"elementor elementor-514\" data-elementor-post-type=\"page\">\n\t\t\t\t\t\t\t\t\t<section class=\"elementor-section elementor-top-section elementor-element elementor-element-1de343e elementor-section-boxed elementor-section-height-default elementor-section-height-default\" data-id=\"1de343e\" data-element_type=\"section\">\n\t\t\t\t\t\t<div class=\"elementor-container elementor-column-gap-default\">\n\t\t\t\t\t<div class=\"elementor-column elementor-col-100 elementor-top-column elementor-element elementor-element-ab0086f\" data-id=\"ab0086f\" data-element_type=\"column\">\n\t\t\t<div class=\"elementor-widget-wrap elementor-element-populated\">\n\t\t\t\t\t\t\t\t<div class=\"elementor-element elementor-element-ca274f6 elementor-widget elementor-widget-heading\" data-id=\"ca274f6\" data-element_type=\"widget\" data-widget_type=\"heading.default\">\n\t\t\t\t<div class=\"elementor-widget-container\">\n\t\t\t<style>\/*! elementor - v3.14.0 - 26-06-2023 *\/\n.elementor-heading-title{padding:0;margin:0;line-height:1}.elementor-widget-heading .elementor-heading-title[class*=elementor-size-]>a{color:inherit;font-size:inherit;line-height:inherit}.elementor-widget-heading .elementor-heading-title.elementor-size-small{font-size:15px}.elementor-widget-heading .elementor-heading-title.elementor-size-medium{font-size:19px}.elementor-widget-heading .elementor-heading-title.elementor-size-large{font-size:29px}.elementor-widget-heading .elementor-heading-title.elementor-size-xl{font-size:39px}.elementor-widget-heading .elementor-heading-title.elementor-size-xxl{font-size:59px}<\/style><h2 class=\"elementor-heading-title elementor-size-default\">Pol\u00edtica de Privacidad<\/h2>\t\t<\/div>\n\t\t\t\t<\/div>\n\t\t\t\t<div class=\"elementor-element elementor-element-19b291f elementor-widget elementor-widget-text-editor\" data-id=\"19b291f\" data-element_type=\"widget\" data-widget_type=\"text-editor.default\">\n\t\t\t\t<div class=\"elementor-widget-container\">\n\t\t\t<style>\/*! elementor - v3.14.0 - 26-06-2023 *\/\n.elementor-widget-text-editor.elementor-drop-cap-view-stacked .elementor-drop-cap{background-color:#69727d;color:#fff}.elementor-widget-text-editor.elementor-drop-cap-view-framed .elementor-drop-cap{color:#69727d;border:3px solid;background-color:transparent}.elementor-widget-text-editor:not(.elementor-drop-cap-view-default) .elementor-drop-cap{margin-top:8px}.elementor-widget-text-editor:not(.elementor-drop-cap-view-default) .elementor-drop-cap-letter{width:1em;height:1em}.elementor-widget-text-editor .elementor-drop-cap{float:left;text-align:center;line-height:1;font-size:50px}.elementor-widget-text-editor .elementor-drop-cap-letter{display:inline-block}<\/style>\t\t\t\t<p>Queremos informarte de todas las medidas que vamos a poner en marcha para garantizar que tus datos personales est\u00e1n perfectamente protegidos. La confidencialidad y la seguridad son valores primordiales de <a href=\"https:\/\/des-nudo.es\/es\/\">http:\/\/des-nudo.es\/<\/a> y, en consecuencia, asumimos el compromiso de garantizar tu privacidad en todo momento y de no recabar informaci\u00f3n innecesaria. A continuaci\u00f3n, te proporcionamos toda la informaci\u00f3n necesaria sobre nuestra Pol\u00edtica de Privacidad en relaci\u00f3n con los datos personales que recabamos, explic\u00e1ndote:<\/p><ul><li>Qui\u00e9n es el responsable del tratamiento de tus datos.<\/li><li>Para qu\u00e9 finalidades recabamos los datos que te solicitamos.<\/li><li>Durante cu\u00e1nto tiempo los conservamos.<\/li><li>Cu\u00e1l es la legitimaci\u00f3n para su tratamiento.<\/li><li>A qu\u00e9 destinatarios se comunican tus datos.<\/li><li>Cu\u00e1les son tus derechos.<\/li><li>Medidas de seguridad de los datos.<\/li><\/ul><p>Hemos adecuado esta pol\u00edtica de privacidad a las exigencias de esta normativa:<\/p><ul><li>Ley Org\u00e1nica 3\/2018, de 5 de diciembre, de Protecci\u00f3n de Datos de Car\u00e1cter Personal y garant\u00eda de los derechos digitales (LOPD).<\/li><li>Reglamento (UE) 2016\/679 del Parlamento Europeo y del Consejo, de 27 de abril de 2016 relativo a la protecci\u00f3n de las personas f\u00edsicas (RGPD)<\/li><li>Ley 34\/2002, de 11 de julio, de Servicios de la Sociedad de la Informaci\u00f3n y Comercio Electr\u00f3nico (LSSICE o LSSI).<\/li><\/ul><p><strong>\u00a0<\/strong><\/p><p><strong>\u00bfQui\u00e9n es el responsable del tratamiento de sus datos personales?<br \/>Identidad:<\/strong> Francesco Vallicelli, titular de la p\u00e1gina web <a href=\"https:\/\/des-nudo.es\/es\/\">http:\/\/des-nudo.es\/<\/a> (en adelante, la Compa\u00f1\u00eda).<br \/><strong>Domicilio social:<\/strong> Calle Blas Fernandez Lirola 13, 4-2 08908 Hospitalet del Llobregat<\/p><p><strong>Tel\u00e9fono: <\/strong>+34687270240<br \/><strong>Correo electr\u00f3nico:<\/strong> francesco@des-nudo.es<\/p><p><strong>\u00bfCon qu\u00e9 finalidad tratamos tus datos personales?<br \/><\/strong>Los datos que recogemos y tratamos son de car\u00e1cter meramente identificativo. No recogemos datos especialmente protegidos o relacionados con categor\u00edas especiales de datos.<\/p><p><a href=\"https:\/\/des-nudo.es\/es\/\">http:\/\/des-nudo.es\/<\/a>, recaba tus datos personales para facilitar un medio para que puedas ponerte en contacto con nosotros, contestar a tus solicitudes de informaci\u00f3n, habilitar la prestaci\u00f3n de servicios y gesti\u00f3n de compra de productos y los cobros y pagos como consecuencia de los mismos y env\u00edo de comunicaciones comerciales.<\/p><p>En concreto, <a href=\"https:\/\/des-nudo.es\/es\/\">http:\/\/des-nudo.es\/<\/a> trata tus datos personales para las siguientes finalidades:<\/p><ol><li>Comunicarnos contigo: Atender consultas, preguntas o solicitudes realizadas a trav\u00e9s de los canales de atenci\u00f3n o comunicaci\u00f3n en la web y ponerse en contacto contigo para solucionarlas.<\/li><li>Mejorar la Plataforma de <a href=\"https:\/\/des-nudo.es\/es\/\">http:\/\/des-nudo.es\/<\/a> , as\u00ed como sus servicios y productos, con tal de ofrecer un mejor servicio y contenido.<\/li><li>Para analizar m\u00e9tricas de visita de nuestros sitios web.<\/li><li>Ofrecer acceso a los espacios restringidos de la p\u00e1gina web.<\/li><li>Gestionar tu registro como USUARIO en la web de <a href=\"https:\/\/des-nudo.es\/es\/\">http:\/\/des-nudo.es\/<\/a>.<\/li><li>Para enviarte comunicaciones informativas y\/o comerciales por e-mail acerca de las actividades, iniciativas o programas que puedan ser de tu inter\u00e9s.<\/li><li>Realizar estudios con fines estad\u00edsticos.<\/li><li>Tener actualizados los datos del USUARIO.<\/li><li>Gestionar la facturaci\u00f3n y a efectos de contabilidad.<\/li><li>Cumplir con las obligaciones fiscales.<\/li><li>Cumplir con el marco legal vigente.<\/li><li>Gestionar los datos para enviar informaci\u00f3n comercial.<\/li><\/ol><p>En los formularios de la web de <a href=\"https:\/\/des-nudo.es\/es\/\">http:\/\/des-nudo.es\/<\/a>, ser\u00e1 necesario que el USUARIO cumplimente los campos que se requieran como obligatorios ya que, en caso contrario, \u00e9ste no podr\u00e1 ser registrado. El USUARIO debe comunicar sus datos personales actuales a fin de que la informaci\u00f3n contenida en sus ficheros est\u00e9 actualizada y sin errores.<\/p><p><strong>\u00bfPor cu\u00e1nto tiempo conservaremos tus datos?<br \/><\/strong>Conservaremos tus datos personales durante el tiempo que sea necesario para que desde <a href=\"https:\/\/des-nudo.es\/es\/\">http:\/\/des-nudo.es\/<\/a> \u00a0podamos cumplir con nuestras obligaciones legales o reglamentarias durante los plazos de prescripci\u00f3n aplicables en la normativa vigente.<\/p><p><a href=\"https:\/\/des-nudo.es\/es\/\">http:\/\/des-nudo.es\/<\/a> llevar\u00e1 a cabo peri\u00f3dicamente un an\u00e1lisis de los per\u00edodos de conservaci\u00f3n de los datos, eliminando de oficio aquellos datos cuya informaci\u00f3n haya quedado obsoleta o desactualizada.<\/p><p><strong>\u00bfCu\u00e1l es la legitimaci\u00f3n para el tratamiento de tus datos?<br \/><\/strong>El suministro de datos personales requiere una edad m\u00ednima de 16 a\u00f1os, o en su caso, disponer de capacidad jur\u00eddica suficiente para contratar.<\/p><p>Los datos personales solicitados son necesarios para gestionar tus solicitudes y\/o prestarte los servicios que puedas contratar, por lo que, si no nos los facilitas, no podremos atenderte correctamente ni prestarte el servicio que has solicitado. La base legal para el tratamiento de tus datos es el consentimiento que t\u00fa nos das, aceptando expresamente la presente pol\u00edtica de privacidad.<\/p><p>El tratamiento de tus datos personales puede resultar necesario en ocasiones para dar cumplimiento a determinadas obligaciones legales, o en relaci\u00f3n con cualquier relaci\u00f3n contractual que <a href=\"https:\/\/des-nudo.es\/es\/\">http:\/\/des-nudo.es\/<\/a> pueda tener contigo como USUARIO. Podremos conservar tus datos para fines estad\u00edsticos, mantenimiento de nuestros sistemas, mejorar nuestra web y tu experiencia, mejorar la atenci\u00f3n al USUARIO; as\u00ed como mejorar la detecci\u00f3n y correcci\u00f3n de errores y la prestaci\u00f3n de nuestros servicios.<\/p><p>En los dem\u00e1s supuestos, y siempre que sea oportuno, <a href=\"https:\/\/des-nudo.es\/es\/\">http:\/\/des-nudo.es\/<\/a> te solicitar\u00e1 su consentimiento para tratar tus datos personales.<\/p><p><strong>\u00bfA qu\u00e9 destinatarios se comunicar\u00e1n tus datos?<br \/><\/strong>Tus datos son confidenciales y no se ceder\u00e1n a terceros, salvo que exista obligaci\u00f3n legal.<\/p><p>Te informamos que determinados datos, en el marco de la normativa vigente o de la relaci\u00f3n contractual que mantengas con <a href=\"https:\/\/des-nudo.es\/es\/\">http:\/\/des-nudo.es\/<\/a>, pueden ser comunicados a:<\/p><ul><li>La entidad bancaria correspondiente para el abono y el cobro de facturas.<\/li><li>Entidades del grupo de Francesco Vellicelli para la contabilizaci\u00f3n y el pago de facturas.<\/li><li>Terceros que gestionan campa\u00f1as digitales por cuenta de <a href=\"https:\/\/des-nudo.es\/es\/\">http:\/\/des-nudo.es\/<\/a> .<\/li><li>Los datos previamente anonimizados, podr\u00e1n asimismo compartirse con terceros para fines comerciales.<\/li><\/ul><p>\u00a0<strong>\u00bfCu\u00e1les son tus derechos cuando nos facilitas tus datos personales?<br \/><\/strong>Cualquier persona puede retirar su consentimiento en cualquier momento, cuando el mismo se haya otorgado para el tratamiento de sus datos. En ning\u00fan caso, la retirada de este consentimiento condiciona la ejecuci\u00f3n del contrato de suscripci\u00f3n o las relaciones generadas con anterioridad.<\/p><p>Igualmente, puedes ejercer los siguientes derechos:<\/p><ul><li>Solicitar el acceso a sus datos personales o su rectificaci\u00f3n cuando sean inexactos.<\/li><li>Solicitar su supresi\u00f3n cuando, entre otros motivos, los datos ya no sean necesarios para los fines para los que fueron recogidos.<\/li><li>Solicitar la limitaci\u00f3n de su tratamiento en determinadas circunstancias.<\/li><li>Solicitar la oposici\u00f3n al tratamiento de tus datos por motivos relacionados con su situaci\u00f3n particular.<\/li><li>Solicitar la portabilidad de los datos en los casos previstos en la normativa.<\/li><li>Otros derechos reconocidos en las normativas aplicables.<\/li><\/ul><p>D\u00f3nde y c\u00f3mo solicitar sus derechos: Mediante un escrito dirigido al responsable a su direcci\u00f3n postal o electr\u00f3nica (francesco@des-nudo.es), indicando la referencia \u201cDatos Personales\u201d, especificando el derecho que se quiere ejercer y respecto a qu\u00e9 datos personales.<\/p><p>En caso de divergencias con <a href=\"https:\/\/des-nudo.es\/es\/\">http:\/\/des-nudo.es\/<\/a> en relaci\u00f3n con el tratamiento de sus datos, puede presentar una reclamaci\u00f3n ante la Autoridad de Protecci\u00f3n de Datos (<a href=\"http:\/\/www.agpd.es\/\">www.agpd.es<\/a>).<\/p><p><strong>Exactitud y veracidad de los datos<br \/><\/strong>T\u00fa eres el \u00fanico responsable de la exactitud, veracidad, vigencia y correcci\u00f3n de los datos que nos facilites, por lo que nos exoneras de cualquier responsabilidad a este respecto y te comprometes a mantenerlos debidamente actualizados.<\/p><p><strong>Modificaciones en la pol\u00edtica de privacidad<br \/><\/strong><a href=\"https:\/\/des-nudo.es\/es\/\">http:\/\/des-nudo.es\/<\/a> se reserva el derecho a modificar esta pol\u00edtica para adaptarla a las novedades legislativas o jurisprudenciales, as\u00ed como a pr\u00e1cticas de la industria.<\/p><p>Adem\u00e1s, esta pol\u00edtica de privacidad puede variar en funci\u00f3n de exigencias legislativas o de autorregulaci\u00f3n, por lo que te aconsejamos que la visites peri\u00f3dicamente.<\/p><p><strong>Medidas de seguridad<br \/><\/strong>Tus datos personales ser\u00e1n tratados por <a href=\"https:\/\/des-nudo.es\/es\/\">http:\/\/des-nudo.es\/<\/a> bajo la m\u00e1s estricta confidencialidad, aplicando las medidas de seguridad t\u00e9cnicas y organizativas que correspondan de conformidad con la normativa vigente.<\/p>\t\t\t\t\t\t<\/div>\n\t\t\t\t<\/div>\n\t\t\t\t\t<\/div>\n\t\t<\/div>\n\t\t\t\t\t\t\t<\/div>\n\t\t<\/section>\n\t\t\t\t\t\t\t<\/div>","protected":false},"excerpt":{"rendered":"<p>Pol\u00edtica de Privacidad Queremos informarte de todas las medidas que vamos a poner en marcha para garantizar que tus datos personales est\u00e1n perfectamente protegidos. La confidencialidad y la seguridad son valores primordiales de http:\/\/des-nudo.es\/ y, en consecuencia, asumimos el compromiso de garantizar tu privacidad en todo momento y de no recabar informaci\u00f3n innecesaria. A continuaci\u00f3n, [&hellip;]<\/p>","protected":false},"author":1,"featured_media":0,"parent":0,"menu_order":0,"comment_status":"closed","ping_status":"closed","template":"elementor_header_footer","meta":{"inline_featured_image":false,"footnotes":""},"class_list":["post-514","page","type-page","status-publish","hentry"],"_links":{"self":[{"href":"https:\/\/des-nudo.es\/es\/wp-json\/wp\/v2\/pages\/514","targetHints":{"allow":["GET"]}}],"collection":[{"href":"https:\/\/des-nudo.es\/es\/wp-json\/wp\/v2\/pages"}],"about":[{"href":"https:\/\/des-nudo.es\/es\/wp-json\/wp\/v2\/types\/page"}],"author":[{"embeddable":true,"href":"https:\/\/des-nudo.es\/es\/wp-json\/wp\/v2\/users\/1"}],"replies":[{"embeddable":true,"href":"https:\/\/des-nudo.es\/es\/wp-json\/wp\/v2\/comments?post=514"}],"version-history":[{"count":4,"href":"https:\/\/des-nudo.es\/es\/wp-json\/wp\/v2\/pages\/514\/revisions"}],"predecessor-version":[{"id":520,"href":"https:\/\/des-nudo.es\/es\/wp-json\/wp\/v2\/pages\/514\/revisions\/520"}],"wp:attachment":[{"href":"https:\/\/des-nudo.es\/es\/wp-json\/wp\/v2\/media?parent=514"}],"curies":[{"name":"wp","href":"https:\/\/api.w.org\/{rel}","templated":true}]}}